{"id":1912,"date":"2024-05-09T12:07:02","date_gmt":"2024-05-09T10:07:02","guid":{"rendered":"https:\/\/annualreport2024.groupeidec.com\/chap-10-engagements\/"},"modified":"2024-05-30T08:30:58","modified_gmt":"2024-05-30T06:30:58","slug":"chap-10-commitments","status":"publish","type":"page","link":"https:\/\/annualreport2024.groupeidec.com\/en\/chap-10-commitments\/","title":{"rendered":"Chap 10 &#8211; Commitments"},"content":{"rendered":"<div class=\"wpb-content-wrapper\"><p>[vc_row padding_top_multiplier=&#8221;5x&#8221; padding_bottom_multiplier=&#8221;5x&#8221; rc_heading_color=&#8221;white&#8221; rc_bg_type=&#8221;hosted_video&#8221; rc_bg_image=&#8221;2056&#8243; rc_bg_video_device=&#8221;yes&#8221; rc_bg_color_overlay=&#8221;black&#8221; rc_bg_opacity_overlay=&#8221;30&#8243; separator_bottom=&#8221;tilt-left-separator&#8221; separator_bottom_color=&#8221;#e73029&#8243; rc_bg_color=&#8221;#000000&#8243; rc_bg_video_mp4=&#8221;https:\/\/annualreport2024.groupeidec.com\/wp-content\/uploads\/2024\/05\/Engagements_03.mp4&#8243; rc_font_color=&#8221;#ffffff&#8221;][vc_column vertical_content_position=&#8221;middle&#8221; animation_delay=&#8221;&#8221; column_effect=&#8221;vertical-parallax&#8221;]<div class=\"grve-empty-space grve-height-1x\"><\/div><h2 data-animation=\"appear-down\" data-delay=\"0\" data-duration=\"normal\" class=\"grve-element grve-title grve-align-left grve-appear-animation grve-advanced-animation grve-animated-item grve-h2 grve-custom-font-1 grve-mobile-reset-increase-heading grve-increase-heading grve-heading-140 stroke-grid\"><span><em>&gt;10<\/em><\/span><\/h2><h1 data-animation=\"appear-down\" data-delay=\"0\" data-duration=\"normal\" class=\"grve-element grve-title grve-align-left grve-appear-animation grve-advanced-animation grve-animated-item grve-h1 grve-custom-font-1 grve-mobile-reset-increase-heading grve-increase-heading grve-heading-120 stroke-grid\"><span>Commitments<\/span><\/h1><div class=\"grve-empty-space grve-height-3x\"><\/div>[\/vc_column][\/vc_row][vc_row padding_top_multiplier=&#8221;4x&#8221; padding_bottom_multiplier=&#8221;6x&#8221; rc_bg_type=&#8221;color&#8221; columns_gap=&#8221;60&#8243; rc_bg_color=&#8221;#e73029&#8243;][vc_column width=&#8221;1\/3&#8243; animation=&#8221;fade-in-left&#8221; column_effect=&#8221;vertical-parallax&#8221; mobile_column_effect=&#8221;none&#8221; el_id=&#8221;dessus&#8221;]<div class=\"grve-empty-space grve-height-2x\"><\/div><div class=\"grve-empty-space grve-height-6x non-present-mobile\"><\/div><div class=\"grve-element grve-image grve-align-center\">\r\n\t<div class=\"grve-image-item\">\r\n\t\t\r\n\r\n<div class=\"grve-image-wrapper grve-no-effect\">\r\n\t\t<div class=\"grve-thumbnail-wrapper\"  style=\"width: 150px;\"><div class=\"grve-thumbnail\"  style=\"padding-top: 100%;\"><img loading=\"lazy\" decoding=\"async\" width=\"150\" height=\"150\" src=\"https:\/\/annualreport2024.groupeidec.com\/wp-content\/uploads\/2024\/04\/chevron-droit-stroke-3px_150px.png\" class=\"attachment-full size-full\" alt=\"\" data-column-space=\"auto\" data-lazyload=\"\" data-grve-filter=\"yes\" \/><\/div><\/div>\t<\/div>\r\n\t<\/div>\r\n<\/div>\r\n[\/vc_column][vc_column width=&#8221;1\/3&#8243; rc_bg_type=&#8221;image&#8221; rc_bg_image=&#8221;928&#8243; rc_bg_image_type=&#8221;parallax&#8221; animation=&#8221;clipping&#8221; clipping_animation=&#8221;clipping-left&#8221; animation_delay=&#8221;200&#8243; el_wrapper_class=&#8221;biz-angle-dr&#8221; grve_css=&#8221;{&#8220;desktop&#8220;:{&#8220;margin-bottom&#8220;:&#8220;-5%&#8220;,&#8220;class&#8220;:&#8220;grve-wpb-1715243242776&#8220;}}&#8221;]<div style=\"height: 450px;\" class=\"grve-empty-space\"><\/div>[\/vc_column][vc_column width=&#8221;2\/3&#8243; vertical_content_position=&#8221;middle&#8221; rc_heading_color=&#8221;white&#8221; animation=&#8221;fade-in-up&#8221; animation_delay=&#8221;300&#8243; rc_font_color=&#8221;#ffffff&#8221;]<div class=\"grve-empty-space grve-height-2x\"><\/div><h3 class=\"grve-element grve-title grve-align-inherit grve-h3\"><span><strong>\u201cIt has always been in GROUPE IDEC\u2019s DNA to enter into social and societal commitments via mentoring or sponsoring actions and an ambitious CSR approach\u201d<\/strong><\/span><\/h3><div style=\"height: 20px;\" class=\"grve-empty-space\"><\/div><h5 class=\"grve-element grve-title grve-align-inherit grve-h5\"><span><strong>Patrice LAFARGUE<\/strong><br \/>\nPresident, GROUPE IDEC<\/span><\/h5><div class=\"grve-empty-space grve-height-1x\"><\/div>[\/vc_column][\/vc_row][vc_row padding_top_multiplier=&#8221;6x&#8221; padding_bottom_multiplier=&#8221;3x&#8221; separator_top=&#8221;tilt-right-separator&#8221; separator_top_color=&#8221;#e73029&#8243;][vc_column width=&#8221;1\/6&#8243;][\/vc_column][vc_column width=&#8221;2\/3&#8243; text_align=&#8221;center&#8221;]<h2 data-animation=\"fade-in-up\" data-delay=\"0\" data-duration=\"normal\" class=\"grve-element grve-title grve-align-inherit grve-animated-item grve-h2\"><span>The first <strong>GROUPE IDEC carbon footprint assessment<\/strong><\/span><\/h2><div style=\"height: 32px;\" class=\"grve-empty-space\"><\/div>[vc_column_text css=&#8221;&#8221; animation=&#8221;fade-in-up&#8221; animation_delay=&#8221;100&#8243; el_class=&#8221;justif&#8221;]In 2023, GROUPE IDEC drew up its first carbon footprint assessment to analyse the impact of its activities on its environment. Emissions linked to its services installations, staff travel or construction of its projects &#8211; all sources of emissions were analysed.<\/p>\n<p>GROUPE IDEC, which intervenes in the construction sector, an area that by its very nature generates large amounts of carbon, shows a strongly contrasted footprint that features considerable room for improvement. In this respect, the group is aiming to reduce its carbon footprint by 20% or so, by 2030.[\/vc_column_text][\/vc_column][vc_column width=&#8221;1\/6&#8243;][\/vc_column][\/vc_row][vc_row padding_top_multiplier=&#8221;4x&#8221; padding_bottom_multiplier=&#8221;4x&#8221; rc_heading_color=&#8221;white&#8221; rc_bg_type=&#8221;image&#8221; rc_bg_image=&#8221;997&#8243; rc_bg_image_type=&#8221;fixed&#8221; rc_bg_color_overlay=&#8221;black&#8221; rc_bg_opacity_overlay=&#8221;60&#8243; separator_top=&#8221;tilt-left-separator&#8221; separator_top_z_index=&#8221;999&#8243; separator_bottom=&#8221;tilt-right-separator&#8221; rc_font_color=&#8221;#ffffff&#8221;][vc_column width=&#8221;1\/4&#8243; vertical_content_position=&#8221;middle&#8221; text_align=&#8221;center&#8221;]<div class=\"grve-element grve-image grve-align-center\">\r\n\t<div class=\"grve-image-item\">\r\n\t\t\r\n\r\n<div class=\"grve-image-wrapper grve-no-effect\">\r\n\t\t<div class=\"grve-thumbnail-wrapper\"  style=\"width: 370px;\"><div class=\"grve-thumbnail\"  style=\"padding-top: 81.081%;\"><img loading=\"lazy\" decoding=\"async\" width=\"370\" height=\"300\" src=\"https:\/\/annualreport2024.groupeidec.com\/wp-content\/uploads\/2024\/05\/chiffre_01_en.png\" class=\"attachment-full size-full\" alt=\"\" data-column-space=\"auto\" data-lazyload=\"\" data-grve-filter=\"yes\" srcset=\"https:\/\/annualreport2024.groupeidec.com\/wp-content\/uploads\/2024\/05\/chiffre_01_en.png 370w, https:\/\/annualreport2024.groupeidec.com\/wp-content\/uploads\/2024\/05\/chiffre_01_en-300x243.png 300w\" sizes=\"(max-width: 370px) 100vw, 370px\" \/><\/div><\/div>\t<\/div>\r\n\t<\/div>\r\n<\/div>\r\n[\/vc_column][vc_column width=&#8221;1\/4&#8243; text_align=&#8221;center&#8221;]<div class=\"grve-element grve-image grve-align-center\">\r\n\t<div class=\"grve-image-item\">\r\n\t\t\r\n\r\n<div class=\"grve-image-wrapper grve-no-effect\">\r\n\t\t<div class=\"grve-thumbnail-wrapper\"  style=\"width: 370px;\"><div class=\"grve-thumbnail\"  style=\"padding-top: 81.081%;\"><img loading=\"lazy\" decoding=\"async\" width=\"370\" height=\"300\" src=\"https:\/\/annualreport2024.groupeidec.com\/wp-content\/uploads\/2024\/05\/chiffre_02_en.png\" class=\"attachment-full size-full\" alt=\"\" data-column-space=\"auto\" data-lazyload=\"\" data-grve-filter=\"yes\" srcset=\"https:\/\/annualreport2024.groupeidec.com\/wp-content\/uploads\/2024\/05\/chiffre_02_en.png 370w, https:\/\/annualreport2024.groupeidec.com\/wp-content\/uploads\/2024\/05\/chiffre_02_en-300x243.png 300w\" sizes=\"(max-width: 370px) 100vw, 370px\" \/><\/div><\/div>\t<\/div>\r\n\t<\/div>\r\n<\/div>\r\n[\/vc_column][vc_column width=&#8221;1\/4&#8243;]<div class=\"grve-element grve-image grve-align-center\">\r\n\t<div class=\"grve-image-item\">\r\n\t\t\r\n\r\n<div class=\"grve-image-wrapper grve-no-effect\">\r\n\t\t<div class=\"grve-thumbnail-wrapper\"  style=\"width: 370px;\"><div class=\"grve-thumbnail\"  style=\"padding-top: 81.081%;\"><img loading=\"lazy\" decoding=\"async\" width=\"370\" height=\"300\" src=\"https:\/\/annualreport2024.groupeidec.com\/wp-content\/uploads\/2024\/05\/chiffre_04_en.png\" class=\"attachment-full size-full\" alt=\"\" data-column-space=\"auto\" data-lazyload=\"\" data-grve-filter=\"yes\" srcset=\"https:\/\/annualreport2024.groupeidec.com\/wp-content\/uploads\/2024\/05\/chiffre_04_en.png 370w, https:\/\/annualreport2024.groupeidec.com\/wp-content\/uploads\/2024\/05\/chiffre_04_en-300x243.png 300w\" sizes=\"(max-width: 370px) 100vw, 370px\" \/><\/div><\/div>\t<\/div>\r\n\t<\/div>\r\n<\/div>\r\n[\/vc_column][vc_column width=&#8221;1\/4&#8243;]<div class=\"grve-element grve-image grve-align-center\">\r\n\t<div class=\"grve-image-item\">\r\n\t\t\r\n\r\n<div class=\"grve-image-wrapper grve-no-effect\">\r\n\t\t<div class=\"grve-thumbnail-wrapper\"  style=\"width: 370px;\"><div class=\"grve-thumbnail\"  style=\"padding-top: 81.081%;\"><img loading=\"lazy\" decoding=\"async\" width=\"370\" height=\"300\" src=\"https:\/\/annualreport2024.groupeidec.com\/wp-content\/uploads\/2024\/05\/chiffre_03_en.png\" class=\"attachment-full size-full\" alt=\"\" data-column-space=\"auto\" data-lazyload=\"\" data-grve-filter=\"yes\" srcset=\"https:\/\/annualreport2024.groupeidec.com\/wp-content\/uploads\/2024\/05\/chiffre_03_en.png 370w, https:\/\/annualreport2024.groupeidec.com\/wp-content\/uploads\/2024\/05\/chiffre_03_en-300x243.png 300w\" sizes=\"(max-width: 370px) 100vw, 370px\" \/><\/div><\/div>\t<\/div>\r\n\t<\/div>\r\n<\/div>\r\n[\/vc_column][\/vc_row][vc_row padding_top_multiplier=&#8221;2x&#8221; padding_bottom_multiplier=&#8221;2x&#8221;][vc_column width=&#8221;1\/6&#8243;][\/vc_column][vc_column width=&#8221;2\/3&#8243; text_align=&#8221;center&#8221;]<h2 data-animation=\"fade-in-up\" data-delay=\"0\" data-duration=\"normal\" class=\"grve-element grve-title grve-align-inherit grve-animated-item grve-h2\"><span>An ambitious <strong>action plan<\/strong><\/span><\/h2><div style=\"height: 32px;\" class=\"grve-empty-space\"><\/div>[vc_column_text css=&#8221;&#8221; animation=&#8221;fade-in-up&#8221; animation_delay=&#8221;100&#8243; el_class=&#8221;justif&#8221;]To achieve its objectives concerning reductions in its CO2 emissions, GROUPE IDEC has deployed a concrete action plan aimed at intervening along several avenues. Carbon footprint of our customers\u2019 projects, integration of constructional optimisations, research and development and compensation; these ambitious measures form part of a global strategy aimed at ensuring virtuous development for GROUPE IDEC.[\/vc_column_text][\/vc_column][vc_column width=&#8221;1\/6&#8243;][\/vc_column][\/vc_row][vc_row padding_top_multiplier=&#8221;5x&#8221; padding_bottom_multiplier=&#8221;2x&#8221; rc_bg_type=&#8221;color&#8221; separator_top=&#8221;tilt-left-separator&#8221; rc_bg_color=&#8221;#f3f3f3&#8243;][vc_column width=&#8221;1\/6&#8243;][\/vc_column][vc_column width=&#8221;2\/3&#8243; text_align=&#8221;center&#8221;]<h2 data-animation=\"fade-in-up\" data-delay=\"0\" data-duration=\"normal\" class=\"grve-element grve-title grve-align-inherit grve-animated-item grve-h2\"><span><strong>Mentoring<\/strong> actions<\/span><\/h2><div style=\"height: 32px;\" class=\"grve-empty-space\"><\/div>[vc_column_text css=&#8221;&#8221; animation=&#8221;fade-in-up&#8221; animation_delay=&#8221;100&#8243; el_class=&#8221;justif&#8221;]As a committed company, GROUPE IDEC provides backing for the causes it sees as important, via mentoring actions. Thus since 2007, the group has entered into commitments towards the Institut du Cerveau (ICM or Paris Brain Institute), in the heart of the Piti\u00e9-Salp\u00eatri\u00e8re University Hospital in Paris, the world\u2019s largest research centre for effective treatment of injuries to the nervous system.<\/p>\n<p>More recently, another mentoring action was launched with the FONDATION DU SOUFFLE, a registered voluntary organisation combating all types of respiratory diseases via three missions: research, prevention\/awareness raising, and emergency social assistance.[\/vc_column_text][\/vc_column][vc_column width=&#8221;1\/6&#8243;][\/vc_column][\/vc_row][vc_row padding_top_multiplier=&#8221;&#8221; padding_bottom_multiplier=&#8221;6x&#8221; rc_bg_type=&#8221;color&#8221; rc_bg_color=&#8221;#f3f3f3&#8243; el_class=&#8221;galerie-innovation-potentiel&#8221;][vc_column width=&#8221;1\/2&#8243; rc_heading_color=&#8221;white&#8221; rc_bg_type=&#8221;image&#8221; rc_bg_image=&#8221;1569&#8243; animation=&#8221;fade-in-up&#8221; rc_font_color=&#8221;rgba(255,255,255,0.8)&#8221;]<div class=\"grve-empty-space grve-height-3x\"><\/div>[vc_row_inner][vc_column_inner rc_bg_type=&#8221;gradient&#8221; rc_bg_gradient_color_1=&#8221;rgba(0,0,0,0.01)&#8221; rc_bg_gradient_color_2=&#8221;rgba(0,0,0,0.7)&#8221; rc_bg_gradient_direction=&#8221;180&#8243; grve_css=&#8221;{&#8220;desktop&#8220;:{&#8220;padding-top&#8220;:&#8220;5%&#8220;,&#8220;padding-right&#8220;:&#8220;5%&#8220;,&#8220;padding-bottom&#8220;:&#8220;5%&#8220;,&#8220;padding-left&#8220;:&#8220;5%&#8220;,&#8220;class&#8220;:&#8220;grve-wpb-1715317978724&#8220;}}&#8221;]<div class=\"grve-empty-space grve-height-3x\"><\/div>[vc_column_text css=&#8221;&#8221;]<strong>ICM<\/strong>[\/vc_column_text][\/vc_column_inner][\/vc_row_inner][\/vc_column][vc_column width=&#8221;1\/2&#8243; rc_heading_color=&#8221;white&#8221; rc_bg_type=&#8221;image&#8221; rc_bg_image=&#8221;1567&#8243; animation=&#8221;fade-in-up&#8221; rc_font_color=&#8221;#ffffff&#8221;]<div class=\"grve-empty-space grve-height-3x\"><\/div>[vc_row_inner][vc_column_inner rc_bg_type=&#8221;gradient&#8221; rc_bg_gradient_color_1=&#8221;rgba(0,0,0,0.01)&#8221; rc_bg_gradient_color_2=&#8221;rgba(0,0,0,0.7)&#8221; rc_bg_gradient_direction=&#8221;180&#8243; grve_css=&#8221;{&#8220;desktop&#8220;:{&#8220;padding-top&#8220;:&#8220;5%&#8220;,&#8220;padding-right&#8220;:&#8220;5%&#8220;,&#8220;padding-bottom&#8220;:&#8220;5%&#8220;,&#8220;padding-left&#8220;:&#8220;5%&#8220;,&#8220;class&#8220;:&#8220;grve-wpb-1715317998563&#8220;}}&#8221;]<div class=\"grve-empty-space grve-height-3x\"><\/div>[vc_column_text css=&#8221;&#8221;]<strong>FONDATION DU SOUFFLE<\/strong>[\/vc_column_text][\/vc_column_inner][\/vc_row_inner][\/vc_column][\/vc_row][vc_row padding_bottom_multiplier=&#8221;3x&#8221; rc_heading_color=&#8221;white&#8221; rc_bg_type=&#8221;image&#8221; rc_bg_image=&#8221;1574&#8243; rc_bg_image_type=&#8221;fixed&#8221; rc_bg_color_overlay=&#8221;black&#8221; rc_bg_opacity_overlay=&#8221;50&#8243; separator_top=&#8221;tilt-right-separator&#8221; separator_top_color=&#8221;#f3f3f3&#8243; separator_top_z_index=&#8221;999&#8243; separator_bottom=&#8221;tilt-left-separator&#8221; separator_bottom_color=&#8221;#f3f3f3&#8243; rc_font_color=&#8221;#ffffff&#8221;][vc_column width=&#8221;1\/6&#8243; vertical_content_position=&#8221;middle&#8221; text_align=&#8221;center&#8221;][\/vc_column][vc_column width=&#8221;2\/3&#8243;]<div class=\"grve-empty-space grve-height-6x\"><\/div><div data-animation=\"fade-in\" data-delay=\"100\" data-duration=\"normal\" class=\"grve-element grve-single-icon grve-align-center grve-medium grve-animated-item butsound\" style=\"margin-bottom: 20px;\"><div class=\"grve-wrapper-icon grve-circle grve-simple grve-with-shape grve-bg-white grve-loop-animation-1 grve-text-primary-1\"><a href=\"https:\/\/youtu.be\/cuLSZoYrLBQ?si=KetS-OBCMS98oi9g\" class=\"grve-video-popup\">\t\t\t\t<svg width=\"24px\" height=\"24px\" viewBox=\"0 0 24 24\" stroke-width=\"0\">\r\n\t\t\t\t\t<polygon points=\"19 12 7 20 7 4\"><\/polygon>\r\n\t\t\t\t<\/svg>\r\n\t\t\t<\/a><div class=\"grve-pulse-bg\"><\/div><\/div><\/div><h3 data-animation=\"fade-in-up\" data-delay=\"200\" data-duration=\"normal\" class=\"grve-element grve-title grve-align-center grve-animated-item grve-h3\"><span><strong>Sports <\/strong>commitments<\/span><\/h3><div style=\"height: 10px;\" class=\"grve-empty-space\"><\/div>[vc_column_text css=&#8221;&#8221; animation=&#8221;fade-in-up&#8221; animation_delay=&#8221;100&#8243; el_class=&#8221;justif&#8221;]GROUPE IDEC has always shared values that are close to the world of sport, in particular the notions of team spirit, commitment or raising the bar. Individual and collective sports, disabled sports; via its IDEC SPORT branch, the group provides support to enable sports people to exceed even their most ambitious targets.[\/vc_column_text]<div class=\"grve-empty-space grve-height-6x\"><\/div>[\/vc_column][vc_column width=&#8221;1\/6&#8243;][\/vc_column][\/vc_row][vc_row rc_bg_type=&#8221;color&#8221; separator_top=&#8221;tilt-right-separator&#8221; separator_top_color=&#8221;#f3f3f3&#8243; rc_bg_color=&#8221;#f4f4f4&#8243; el_class=&#8221;footer-menu&#8221;][vc_column width=&#8221;1\/6&#8243;][\/vc_column][vc_column width=&#8221;2\/3&#8243; vertical_content_position=&#8221;middle&#8221; text_align=&#8221;center&#8221; column_effect=&#8221;vertical-parallax&#8221;][vc_row_inner][vc_column_inner]<video class=\"grve-element grve-embed-video mask1\" playsinline loop=\"loop\" muted=\"muted\" autoplay=\"autoplay\"><source src=\"https:\/\/annualreport2024.groupeidec.com\/wp-content\/uploads\/2024\/04\/campus-mars-2024-montage-maquette-f4f4f4.mp4\" type=\"video\/mp4\"><\/video>[\/vc_column_inner][\/vc_row_inner][vc_row_inner columns_gap=&#8221;none&#8221;][vc_column_inner el_wrapper_class=&#8221;position-absolute-menu-bas-de-page&#8221;]<h3 class=\"grve-element grve-title grve-align-inherit grve-subtitle-text\" style=\"margin-bottom: 20px;\"><span><strong>next <\/strong>chapter<\/span><\/h3><h2 class=\"grve-element grve-animated-text grve-animated-item grve-align-inherit grve-h2 grve-style-3 grve-custom-font-3 grve-mobile-reset-increase-heading grve-increase-heading grve-heading-160\" data-style=\"style-3\" data-delay=\"0\" data-duration=\"normal\"><span class=\"grve-animated-entry\"><span class=\"grve-line\">Campus<\/span><\/span><\/h2><div class=\"grve-element grve-single-icon grve-align-inherit grve-medium butsound\"><div class=\"grve-wrapper-icon grve-circle grve-simple grve-with-shape grve-bg-primary-1 grve-loop-animation-1 grve-text-white\"><a href=\"https:\/\/annualreport2024.groupeidec.com\/en\/chap-11-campus-en\/\" title=\"Chap 11 \u2013 Campus\"><span class=\"grve-icon entypo-icon entypo-icon-right-open\"><\/span><\/a><div class=\"grve-pulse-bg\"><\/div><\/div><\/div>[\/vc_column_inner][\/vc_row_inner][\/vc_column][vc_column width=&#8221;1\/6&#8243;][\/vc_column][\/vc_row]<\/p>\n<\/div>","protected":false},"excerpt":{"rendered":"<p>[vc_row padding_top_multiplier=&#8221;5x&#8221; padding_bottom_multiplier=&#8221;5x&#8221; rc_heading_color=&#8221;white&#8221; rc_bg_type=&#8221;hosted_video&#8221; rc_bg_image=&#8221;2056&#8243; rc_bg_video_device=&#8221;yes&#8221; rc_bg_color_overlay=&#8221;black&#8221; rc_bg_opacity_overlay=&#8221;30&#8243; separator_bottom=&#8221;tilt-left-separator&#8221; separator_bottom_color=&#8221;#e73029&#8243; rc_bg_color=&#8221;#000000&#8243; rc_bg_video_mp4=&#8221;https:\/\/annualreport2024.groupeidec.com\/wp-content\/uploads\/2024\/05\/Engagements_03.mp4&#8243; rc_font_color=&#8221;#ffffff&#8221;][vc_column vertical_content_position=&#8221;middle&#8221; animation_delay=&#8221;&#8221; column_effect=&#8221;vertical-parallax&#8221;][\/vc_column][\/vc_row][vc_row padding_top_multiplier=&#8221;4x&#8221; padding_bottom_multiplier=&#8221;6x&#8221; rc_bg_type=&#8221;color&#8221; columns_gap=&#8221;60&#8243; rc_bg_color=&#8221;#e73029&#8243;][vc_column width=&#8221;1\/3&#8243; animation=&#8221;fade-in-left&#8221; column_effect=&#8221;vertical-parallax&#8221; mobile_column_effect=&#8221;none&#8221; el_id=&#8221;dessus&#8221;][\/vc_column][vc_column width=&#8221;1\/3&#8243; rc_bg_type=&#8221;image&#8221; rc_bg_image=&#8221;928&#8243; rc_bg_image_type=&#8221;parallax&#8221; animation=&#8221;clipping&#8221; clipping_animation=&#8221;clipping-left&#8221; animation_delay=&#8221;200&#8243; el_wrapper_class=&#8221;biz-angle-dr&#8221; grve_css=&#8221;{&#8220;desktop&#8220;:{&#8220;margin-bottom&#8220;:&#8220;-5%&#8220;,&#8220;class&#8220;:&#8220;grve-wpb-1715243242776&#8220;}}&#8221;][\/vc_column][vc_column width=&#8221;2\/3&#8243; vertical_content_position=&#8221;middle&#8221; rc_heading_color=&#8221;white&#8221; animation=&#8221;fade-in-up&#8221; animation_delay=&#8221;300&#8243; rc_font_color=&#8221;#ffffff&#8221;][\/vc_column][\/vc_row][vc_row padding_top_multiplier=&#8221;6x&#8221; padding_bottom_multiplier=&#8221;3x&#8221; separator_top=&#8221;tilt-right-separator&#8221; separator_top_color=&#8221;#e73029&#8243;][vc_column width=&#8221;1\/6&#8243;][\/vc_column][vc_column width=&#8221;2\/3&#8243; text_align=&#8221;center&#8221;][vc_column_text css=&#8221;&#8221; animation=&#8221;fade-in-up&#8221; animation_delay=&#8221;100&#8243; el_class=&#8221;justif&#8221;]In 2023, GROUPE [&hellip;]<\/p>\n","protected":false},"author":1,"featured_media":0,"parent":0,"menu_order":0,"comment_status":"closed","ping_status":"closed","template":"","meta":{"footnotes":""},"class_list":["post-1912","page","type-page","status-publish","hentry","grve-entry-item"],"_links":{"self":[{"href":"https:\/\/annualreport2024.groupeidec.com\/en\/wp-json\/wp\/v2\/pages\/1912"}],"collection":[{"href":"https:\/\/annualreport2024.groupeidec.com\/en\/wp-json\/wp\/v2\/pages"}],"about":[{"href":"https:\/\/annualreport2024.groupeidec.com\/en\/wp-json\/wp\/v2\/types\/page"}],"author":[{"embeddable":true,"href":"https:\/\/annualreport2024.groupeidec.com\/en\/wp-json\/wp\/v2\/users\/1"}],"replies":[{"embeddable":true,"href":"https:\/\/annualreport2024.groupeidec.com\/en\/wp-json\/wp\/v2\/comments?post=1912"}],"version-history":[{"count":12,"href":"https:\/\/annualreport2024.groupeidec.com\/en\/wp-json\/wp\/v2\/pages\/1912\/revisions"}],"predecessor-version":[{"id":2376,"href":"https:\/\/annualreport2024.groupeidec.com\/en\/wp-json\/wp\/v2\/pages\/1912\/revisions\/2376"}],"wp:attachment":[{"href":"https:\/\/annualreport2024.groupeidec.com\/en\/wp-json\/wp\/v2\/media?parent=1912"}],"curies":[{"name":"wp","href":"https:\/\/api.w.org\/{rel}","templated":true}]}}